{"id":1836,"date":"2022-08-15T14:14:19","date_gmt":"2022-08-15T18:14:19","guid":{"rendered":"https:\/\/formidableallure.com\/?page_id=1836"},"modified":"2022-08-15T14:47:59","modified_gmt":"2022-08-15T18:47:59","slug":"mission","status":"publish","type":"page","link":"https:\/\/formidableallure.com\/en\/mission\/","title":{"rendered":"Mission"},"content":{"rendered":"<div class=\"wpb-content-wrapper\"><p>[vc_row type=&#8221;in_grid&#8221; css=&#8221;.vc_custom_1660589245000{padding-top: 33px !important;padding-bottom: 30px !important;}&#8221; el_class=&#8221;section-mission-intro&#8221; el_id=&#8221;philosophy&#8221;][vc_column width=&#8221;1\/2&#8243; el_class=&#8221;section-mission-intro-col-1&#8243;][vc_single_image image=&#8221;1146&#8243; img_size=&#8221;full&#8221; alignment=&#8221;center&#8221;]\t\t<div class=\"wpb_text_column wpb_content_element dist_title_element  \">\r\n\t\t\t<h3>Our philosophy<\/h3>\r\n\t\t<\/div>\r\n\t\t[vc_column_text]Achieving our projects by meeting the client&#8217;s expectations while maintaining a balance between aesthetics and functionality was, is, and always will be our greatest challenge and satisfaction. Our priority is to design an environment that represents you and meets your needs. Whether it is commercial or residential.[\/vc_column_text][\/vc_column][vc_column width=&#8221;1\/2&#8243; el_class=&#8221;section-mission-intro-col-2&#8243;][vc_single_image image=&#8221;894&#8243; img_size=&#8221;full&#8221; alignment=&#8221;center&#8221;]\t\t<div class=\"wpb_text_column wpb_content_element dist_title_element  \">\r\n\t\t\t<h3>Our method<\/h3>\r\n\t\t<\/div>\r\n\t\t[vc_column_text]It is important that the spaces we create represent your personality, your history and your values. We make sure to design a personalized space that meets your needs and demands. We work with the best in the business to ensure the highest standard of quality in our projects.[\/vc_column_text][\/vc_column][\/vc_row][vc_row type=&#8221;in_grid&#8221; css=&#8221;.vc_custom_1659384580777{margin-top: 30px !important;}&#8221;][vc_column]\t\t<div class=\"wpb_text_column wpb_content_element dist_title_element  \">\r\n\t\t\t<h3>Our materials<\/h3>\r\n\t\t<\/div>\r\n\t\t[vc_column_text]From the walls to the floor, including the various pieces of furniture and wall storage, the choice of materials and finishes makes all the difference. We make sure to use the right materials to create an elegant space that reflects your image. We have a very diversified material library which allows us to offer you a unique space.[\/vc_column_text][\/vc_column][\/vc_row][vc_row type=&#8221;in_grid&#8221; el_id=&#8221;materials&#8221; el_class=&#8221;bloc-materiaux&#8221; css=&#8221;.vc_custom_1660589253453{margin-top: -30px !important;}&#8221;][vc_column width=&#8221;1\/3&#8243;]\t<div class=\"dist-materiel\">\n\t\t<div class=\"dist-materiel-image\" style=\"background-image: url(https:\/\/formidableallure.com\/wp-content\/uploads\/2022\/06\/materiaux-bronze.jpg);\">\n\t\t\t<p>Bronze<\/p>\n\t\t<\/div>\n\t<\/div>\n\t\t<div class=\"dist-materiel\">\n\t\t<div class=\"dist-materiel-image\" style=\"background-image: url(https:\/\/formidableallure.com\/wp-content\/uploads\/2020\/10\/MGP_0288-1.jpg);\">\n\t\t\t<p>Light<\/p>\n\t\t<\/div>\n\t<\/div>\n\t[\/vc_column][vc_column width=&#8221;1\/3&#8243;]\t<div class=\"dist-materiel\">\n\t\t<div class=\"dist-materiel-image\" style=\"background-image: url(https:\/\/formidableallure.com\/wp-content\/uploads\/2022\/08\/a_ecollection_ibirapueramix_8x48_2.jpg);\">\n\t\t\t<p>Wood<\/p>\n\t\t<\/div>\n\t<\/div>\n\t\t<div class=\"dist-materiel\">\n\t\t<div class=\"dist-materiel-image\" style=\"background-image: url(https:\/\/formidableallure.com\/wp-content\/uploads\/2022\/08\/metal-deco.jpg);\">\n\t\t\t<p>Metal<\/p>\n\t\t<\/div>\n\t<\/div>\n\t[\/vc_column][vc_column width=&#8221;1\/3&#8243;]\t<div class=\"dist-materiel\">\n\t\t<div class=\"dist-materiel-image\" style=\"background-image: url(https:\/\/formidableallure.com\/wp-content\/uploads\/2022\/05\/StudioVersa-35_RES.jpg);\">\n\t\t\t<p>Ceramic<\/p>\n\t\t<\/div>\n\t<\/div>\n\t\t<div class=\"dist-materiel\">\n\t\t<div class=\"dist-materiel-image\" style=\"background-image: url(https:\/\/formidableallure.com\/wp-content\/uploads\/2022\/08\/materiau-pierre.jpg);\">\n\t\t\t<p>Stone<\/p>\n\t\t<\/div>\n\t<\/div>\n\t[\/vc_column][\/vc_row]<\/p>\n<\/div>","protected":false},"excerpt":{"rendered":"<p>[vc_row type=&#8221;in_grid&#8221; css=&#8221;.vc_custom_1660589245000{padding-top: 33px !important;padding-bottom: 30px !important;}&#8221; el_class=&#8221;section-mission-intro&#8221; el_id=&#8221;philosophy&#8221;][vc_column width=&#8221;1\/2&#8243; el_class=&#8221;section-mission-intro-col-1&#8243;][vc_single_image image=&#8221;1146&#8243; img_size=&#8221;full&#8221; alignment=&#8221;center&#8221;][vc_column_text]Achieving our projects by meeting the client&#8217;s expectations while maintaining a balance between aesthetics and functionality was, is, and always will be our greatest challenge and satisfaction. Our priority is to design an environment that represents you and meets your needs. Whether [&hellip;]<\/p>\n","protected":false},"author":1,"featured_media":0,"parent":0,"menu_order":0,"comment_status":"closed","ping_status":"closed","template":"","meta":{"_acf_changed":false,"inline_featured_image":false,"footnotes":""},"class_list":["post-1836","page","type-page","status-publish","hentry"],"acf":[],"yoast_head":"<!-- This site is optimized with the Yoast SEO plugin v27.2 - https:\/\/yoast.com\/product\/yoast-seo-wordpress\/ -->\n<title>Mission &#187; Formidable Allure<\/title>\n<meta name=\"description\" content=\"R\u00e9aliser nos projets en r\u00e9pondant aux attentes du client tout en maintenant une balance entre esth\u00e9tisme et fonctionnalit\u00e9 \u00e9tait, est, et restera toujours notre plus grand d\u00e9fi.\" \/>\n<meta name=\"robots\" content=\"index, follow, max-snippet:-1, max-image-preview:large, max-video-preview:-1\" \/>\n<link rel=\"canonical\" href=\"https:\/\/formidableallure.com\/en\/mission\/\" \/>\n<meta property=\"og:locale\" content=\"en_US\" \/>\n<meta property=\"og:type\" content=\"article\" \/>\n<meta property=\"og:title\" content=\"Mission &#187; Formidable Allure\" \/>\n<meta property=\"og:description\" content=\"R\u00e9aliser nos projets en r\u00e9pondant aux attentes du client tout en maintenant une balance entre esth\u00e9tisme et fonctionnalit\u00e9 \u00e9tait, est, et restera toujours notre plus grand d\u00e9fi.\" \/>\n<meta property=\"og:url\" content=\"https:\/\/formidableallure.com\/en\/mission\/\" \/>\n<meta property=\"og:site_name\" content=\"Formidable Allure\" \/>\n<meta property=\"article:publisher\" content=\"https:\/\/www.facebook.com\/FormidableAllure\/\" \/>\n<meta property=\"article:modified_time\" content=\"2022-08-15T18:47:59+00:00\" \/>\n<meta property=\"og:image\" content=\"https:\/\/formidableallure.com\/wp-content\/uploads\/2021\/11\/social.png\" \/>\n\t<meta property=\"og:image:width\" content=\"384\" \/>\n\t<meta property=\"og:image:height\" content=\"384\" \/>\n\t<meta property=\"og:image:type\" content=\"image\/png\" \/>\n<meta name=\"twitter:card\" content=\"summary_large_image\" \/>\n<meta name=\"twitter:label1\" content=\"Est. reading time\" \/>\n\t<meta name=\"twitter:data1\" content=\"2 minutes\" \/>\n<script type=\"application\/ld+json\" class=\"yoast-schema-graph\">{\"@context\":\"https:\/\/schema.org\",\"@graph\":[{\"@type\":\"WebPage\",\"@id\":\"https:\/\/formidableallure.com\/en\/mission\/\",\"url\":\"https:\/\/formidableallure.com\/en\/mission\/\",\"name\":\"Mission &#187; Formidable Allure\",\"isPartOf\":{\"@id\":\"https:\/\/formidableallure.com\/#website\"},\"datePublished\":\"2022-08-15T18:14:19+00:00\",\"dateModified\":\"2022-08-15T18:47:59+00:00\",\"description\":\"R\u00e9aliser nos projets en r\u00e9pondant aux attentes du client tout en maintenant une balance entre esth\u00e9tisme et fonctionnalit\u00e9 \u00e9tait, est, et restera toujours notre plus grand d\u00e9fi.\",\"breadcrumb\":{\"@id\":\"https:\/\/formidableallure.com\/en\/mission\/#breadcrumb\"},\"inLanguage\":\"en-CA\",\"potentialAction\":[{\"@type\":\"ReadAction\",\"target\":[\"https:\/\/formidableallure.com\/en\/mission\/\"]}]},{\"@type\":\"BreadcrumbList\",\"@id\":\"https:\/\/formidableallure.com\/en\/mission\/#breadcrumb\",\"itemListElement\":[{\"@type\":\"ListItem\",\"position\":1,\"name\":\"Accueil\",\"item\":\"https:\/\/formidableallure.com\/en\/\"},{\"@type\":\"ListItem\",\"position\":2,\"name\":\"Mission\"}]},{\"@type\":\"WebSite\",\"@id\":\"https:\/\/formidableallure.com\/#website\",\"url\":\"https:\/\/formidableallure.com\/\",\"name\":\"Formidable Allure\",\"description\":\"\",\"publisher\":{\"@id\":\"https:\/\/formidableallure.com\/#organization\"},\"potentialAction\":[{\"@type\":\"SearchAction\",\"target\":{\"@type\":\"EntryPoint\",\"urlTemplate\":\"https:\/\/formidableallure.com\/?s={search_term_string}\"},\"query-input\":{\"@type\":\"PropertyValueSpecification\",\"valueRequired\":true,\"valueName\":\"search_term_string\"}}],\"inLanguage\":\"en-CA\"},{\"@type\":\"Organization\",\"@id\":\"https:\/\/formidableallure.com\/#organization\",\"name\":\"Formidable Allure\",\"url\":\"https:\/\/formidableallure.com\/\",\"logo\":{\"@type\":\"ImageObject\",\"inLanguage\":\"en-CA\",\"@id\":\"https:\/\/formidableallure.com\/#\/schema\/logo\/image\/\",\"url\":\"https:\/\/formidableallure.com\/wp-content\/uploads\/2020\/10\/Logo-2.png\",\"contentUrl\":\"https:\/\/formidableallure.com\/wp-content\/uploads\/2020\/10\/Logo-2.png\",\"width\":183,\"height\":100,\"caption\":\"Formidable Allure\"},\"image\":{\"@id\":\"https:\/\/formidableallure.com\/#\/schema\/logo\/image\/\"},\"sameAs\":[\"https:\/\/www.facebook.com\/FormidableAllure\/\",\"https:\/\/www.instagram.com\/formidableallure\/\"]}]}<\/script>\n<!-- \/ Yoast SEO plugin. -->","yoast_head_json":{"title":"Mission &#187; Formidable Allure","description":"R\u00e9aliser nos projets en r\u00e9pondant aux attentes du client tout en maintenant une balance entre esth\u00e9tisme et fonctionnalit\u00e9 \u00e9tait, est, et restera toujours notre plus grand d\u00e9fi.","robots":{"index":"index","follow":"follow","max-snippet":"max-snippet:-1","max-image-preview":"max-image-preview:large","max-video-preview":"max-video-preview:-1"},"canonical":"https:\/\/formidableallure.com\/en\/mission\/","og_locale":"en_US","og_type":"article","og_title":"Mission &#187; Formidable Allure","og_description":"R\u00e9aliser nos projets en r\u00e9pondant aux attentes du client tout en maintenant une balance entre esth\u00e9tisme et fonctionnalit\u00e9 \u00e9tait, est, et restera toujours notre plus grand d\u00e9fi.","og_url":"https:\/\/formidableallure.com\/en\/mission\/","og_site_name":"Formidable Allure","article_publisher":"https:\/\/www.facebook.com\/FormidableAllure\/","article_modified_time":"2022-08-15T18:47:59+00:00","og_image":[{"width":384,"height":384,"url":"https:\/\/formidableallure.com\/wp-content\/uploads\/2021\/11\/social.png","type":"image\/png"}],"twitter_card":"summary_large_image","twitter_misc":{"Est. reading time":"2 minutes"},"schema":{"@context":"https:\/\/schema.org","@graph":[{"@type":"WebPage","@id":"https:\/\/formidableallure.com\/en\/mission\/","url":"https:\/\/formidableallure.com\/en\/mission\/","name":"Mission &#187; Formidable Allure","isPartOf":{"@id":"https:\/\/formidableallure.com\/#website"},"datePublished":"2022-08-15T18:14:19+00:00","dateModified":"2022-08-15T18:47:59+00:00","description":"R\u00e9aliser nos projets en r\u00e9pondant aux attentes du client tout en maintenant une balance entre esth\u00e9tisme et fonctionnalit\u00e9 \u00e9tait, est, et restera toujours notre plus grand d\u00e9fi.","breadcrumb":{"@id":"https:\/\/formidableallure.com\/en\/mission\/#breadcrumb"},"inLanguage":"en-CA","potentialAction":[{"@type":"ReadAction","target":["https:\/\/formidableallure.com\/en\/mission\/"]}]},{"@type":"BreadcrumbList","@id":"https:\/\/formidableallure.com\/en\/mission\/#breadcrumb","itemListElement":[{"@type":"ListItem","position":1,"name":"Accueil","item":"https:\/\/formidableallure.com\/en\/"},{"@type":"ListItem","position":2,"name":"Mission"}]},{"@type":"WebSite","@id":"https:\/\/formidableallure.com\/#website","url":"https:\/\/formidableallure.com\/","name":"Formidable Allure","description":"","publisher":{"@id":"https:\/\/formidableallure.com\/#organization"},"potentialAction":[{"@type":"SearchAction","target":{"@type":"EntryPoint","urlTemplate":"https:\/\/formidableallure.com\/?s={search_term_string}"},"query-input":{"@type":"PropertyValueSpecification","valueRequired":true,"valueName":"search_term_string"}}],"inLanguage":"en-CA"},{"@type":"Organization","@id":"https:\/\/formidableallure.com\/#organization","name":"Formidable Allure","url":"https:\/\/formidableallure.com\/","logo":{"@type":"ImageObject","inLanguage":"en-CA","@id":"https:\/\/formidableallure.com\/#\/schema\/logo\/image\/","url":"https:\/\/formidableallure.com\/wp-content\/uploads\/2020\/10\/Logo-2.png","contentUrl":"https:\/\/formidableallure.com\/wp-content\/uploads\/2020\/10\/Logo-2.png","width":183,"height":100,"caption":"Formidable Allure"},"image":{"@id":"https:\/\/formidableallure.com\/#\/schema\/logo\/image\/"},"sameAs":["https:\/\/www.facebook.com\/FormidableAllure\/","https:\/\/www.instagram.com\/formidableallure\/"]}]}},"_links":{"self":[{"href":"https:\/\/formidableallure.com\/en\/wp-json\/wp\/v2\/pages\/1836","targetHints":{"allow":["GET"]}}],"collection":[{"href":"https:\/\/formidableallure.com\/en\/wp-json\/wp\/v2\/pages"}],"about":[{"href":"https:\/\/formidableallure.com\/en\/wp-json\/wp\/v2\/types\/page"}],"author":[{"embeddable":true,"href":"https:\/\/formidableallure.com\/en\/wp-json\/wp\/v2\/users\/1"}],"replies":[{"embeddable":true,"href":"https:\/\/formidableallure.com\/en\/wp-json\/wp\/v2\/comments?post=1836"}],"version-history":[{"count":7,"href":"https:\/\/formidableallure.com\/en\/wp-json\/wp\/v2\/pages\/1836\/revisions"}],"predecessor-version":[{"id":2466,"href":"https:\/\/formidableallure.com\/en\/wp-json\/wp\/v2\/pages\/1836\/revisions\/2466"}],"wp:attachment":[{"href":"https:\/\/formidableallure.com\/en\/wp-json\/wp\/v2\/media?parent=1836"}],"curies":[{"name":"wp","href":"https:\/\/api.w.org\/{rel}","templated":true}]}}