{"id":1830,"date":"2022-08-15T14:10:35","date_gmt":"2022-08-15T18:10:35","guid":{"rendered":"https:\/\/formidableallure.com\/?page_id=1830"},"modified":"2025-09-19T10:19:22","modified_gmt":"2025-09-19T14:19:22","slug":"services","status":"publish","type":"page","link":"https:\/\/formidableallure.com\/en\/services\/","title":{"rendered":"Services"},"content":{"rendered":"<div class=\"wpb-content-wrapper\"><p>[vc_row type=&#8221;in_grid&#8221; el_class=&#8221;services-decoration bloc-padding-service bloc-text-image&#8221;][vc_column width=&#8221;1\/2&#8243; el_class=&#8221;services-decoration-col-1&#8243;][vc_single_image image=&#8221;1317&#8243; img_size=&#8221;full&#8221;][\/vc_column][vc_column width=&#8221;1\/2&#8243; el_class=&#8221;services-decoration-col-2&#8243;]\t\t<div class=\"wpb_text_column wpb_content_element dist_title_element  \">\r\n\t\t\t<h3>Interior <span class=\"text-tan\">design<\/span><\/h3>\r\n\t\t<\/div>\r\n\t\t[vc_column_text]Whether at work or at home, we offer a unique interior design service that represents you. Transform your space in order to welcome your customers, family or friends in a pleasant atmosphere while combining aesthetics and functionality. From the separation of your space to the choice of materials, everything is taken into consideration to design the environment that suits you.<\/p>\n<ul>\n<li>Project management<\/li>\n<li>Decoration and interior design<\/li>\n<li>Furniture (selection ou custom)<\/li>\n<\/ul>\n<p>[\/vc_column_text]<a href=\"\/services\/en\/interior-design\/\" target=\"_self\" class=\"dist-btn\">Learn more<\/a>[\/vc_column][\/vc_row][vc_row disable_element=&#8221;yes&#8221; type=&#8221;in_grid&#8221; el_class=&#8221;bg-gold bloc-padding-service bloc-image-text&#8221;][vc_column width=&#8221;1\/2&#8243;][vc_single_image image=&#8221;1319&#8243; img_size=&#8221;full&#8221;][\/vc_column][vc_column width=&#8221;1\/2&#8243;]\t\t<div class=\"wpb_text_column wpb_content_element dist_title_element  \">\r\n\t\t\t<h3>Home <span class=\"text-tan\">staging<\/span><\/h3>\r\n\t\t<\/div>\r\n\t\t[vc_column_text]En tant que promoteur immobilier, le Home Staging d\u2019une propri\u00e9t\u00e9 est un outil tr\u00e8s utile qui peut faciliter le processus de vente. En \u00e9liminant toutes formes de distractions et en mettant l\u2019emphase sur les points positifs de la propri\u00e9t\u00e9, nous pouvons maximiser le potentiel de la propri\u00e9t\u00e9 aux yeux de vos acheteurs.<\/p>\n<ul>\n<li>S\u00e9paration et organisation des espaces<\/li>\n<li>D\u00e9coration et am\u00e9nagement int\u00e9rieur<\/li>\n<li>Mobilier (s\u00e9lection ou sur mesure)<\/li>\n<\/ul>\n<p>[\/vc_column_text]<a href=\"\/services\/home-staging\/\" target=\"_self\" class=\"dist-btn\">En savoir plus<\/a>[\/vc_column][\/vc_row][vc_row type=&#8221;in_grid&#8221; el_class=&#8221;bloc-padding-service bloc-text-image&#8221;][vc_column width=&#8221;1\/2&#8243;][vc_single_image image=&#8221;1321&#8243; img_size=&#8221;full&#8221;][\/vc_column][vc_column width=&#8221;1\/2&#8243;]\t\t<div class=\"wpb_text_column wpb_content_element dist_title_element  \">\r\n\t\t\t<h3>Commercial <span class=\"text-tan\">design<\/span><\/h3>\r\n\t\t<\/div>\r\n\t\t[vc_column_text]Contrary to what one might think, the needs of a commercial space vary greatly from a residential project. The design of a space that combines aesthetics and functionality is of paramount importance to your business. Through the organization of your space, we help you communicate what your company stands for to both your customers and employees.<\/p>\n<ul>\n<li>Project manager<\/li>\n<li>Decoration and interior design<\/li>\n<li>Furniture (selection or custom)<\/li>\n<\/ul>\n<p>[\/vc_column_text]<a href=\"\/services\/en\/commercial-design\/\" target=\"_self\" class=\"dist-btn\">Learn more<\/a>[\/vc_column][\/vc_row]<\/p>\n<\/div>","protected":false},"excerpt":{"rendered":"<p>[vc_row type=&#8221;in_grid&#8221; el_class=&#8221;services-decoration bloc-padding-service bloc-text-image&#8221;][vc_column width=&#8221;1\/2&#8243; el_class=&#8221;services-decoration-col-1&#8243;][vc_single_image image=&#8221;1317&#8243; img_size=&#8221;full&#8221;][\/vc_column][vc_column width=&#8221;1\/2&#8243; el_class=&#8221;services-decoration-col-2&#8243;][vc_column_text]Whether at work or at home, we offer a unique interior design service that represents you. Transform your space in order to welcome your customers, family or friends in a pleasant atmosphere while combining aesthetics and functionality. From the separation of your space to the [&hellip;]<\/p>\n","protected":false},"author":1,"featured_media":0,"parent":0,"menu_order":0,"comment_status":"closed","ping_status":"closed","template":"","meta":{"_acf_changed":false,"inline_featured_image":false,"footnotes":""},"class_list":["post-1830","page","type-page","status-publish","hentry"],"acf":[],"yoast_head":"<!-- This site is optimized with the Yoast SEO plugin v27.2 - https:\/\/yoast.com\/product\/yoast-seo-wordpress\/ -->\n<title>Services &#187; Formidable Allure<\/title>\n<meta name=\"description\" content=\"Transformez votre espace afin d\u2019y accueillir autant votre client\u00e8le, que votre famille ou vos amis dans une ambiance des plus agr\u00e9able.\" \/>\n<meta name=\"robots\" content=\"noindex, nofollow\" \/>\n<meta property=\"og:locale\" content=\"en_US\" \/>\n<meta property=\"og:type\" content=\"article\" \/>\n<meta property=\"og:title\" content=\"Services &#187; Formidable Allure\" \/>\n<meta property=\"og:description\" content=\"Transformez votre espace afin d\u2019y accueillir autant votre client\u00e8le, que votre famille ou vos amis dans une ambiance des plus agr\u00e9able.\" \/>\n<meta property=\"og:url\" content=\"https:\/\/formidableallure.com\/en\/services\/\" \/>\n<meta property=\"og:site_name\" content=\"Formidable Allure\" \/>\n<meta property=\"article:publisher\" content=\"https:\/\/www.facebook.com\/FormidableAllure\/\" \/>\n<meta property=\"article:modified_time\" content=\"2025-09-19T14:19:22+00:00\" \/>\n<meta property=\"og:image\" content=\"https:\/\/formidableallure.com\/wp-content\/uploads\/2021\/11\/social.png\" \/>\n\t<meta property=\"og:image:width\" content=\"384\" \/>\n\t<meta property=\"og:image:height\" content=\"384\" \/>\n\t<meta property=\"og:image:type\" content=\"image\/png\" \/>\n<meta name=\"twitter:card\" content=\"summary_large_image\" \/>\n<meta name=\"twitter:label1\" content=\"Est. reading time\" \/>\n\t<meta name=\"twitter:data1\" content=\"2 minutes\" \/>\n<script type=\"application\/ld+json\" class=\"yoast-schema-graph\">{\"@context\":\"https:\/\/schema.org\",\"@graph\":[{\"@type\":\"WebPage\",\"@id\":\"https:\/\/formidableallure.com\/en\/services\/\",\"url\":\"https:\/\/formidableallure.com\/en\/services\/\",\"name\":\"Services &#187; Formidable Allure\",\"isPartOf\":{\"@id\":\"https:\/\/formidableallure.com\/#website\"},\"datePublished\":\"2022-08-15T18:10:35+00:00\",\"dateModified\":\"2025-09-19T14:19:22+00:00\",\"description\":\"Transformez votre espace afin d\u2019y accueillir autant votre client\u00e8le, que votre famille ou vos amis dans une ambiance des plus agr\u00e9able.\",\"breadcrumb\":{\"@id\":\"https:\/\/formidableallure.com\/en\/services\/#breadcrumb\"},\"inLanguage\":\"en-CA\",\"potentialAction\":[{\"@type\":\"ReadAction\",\"target\":[\"https:\/\/formidableallure.com\/en\/services\/\"]}]},{\"@type\":\"BreadcrumbList\",\"@id\":\"https:\/\/formidableallure.com\/en\/services\/#breadcrumb\",\"itemListElement\":[{\"@type\":\"ListItem\",\"position\":1,\"name\":\"Accueil\",\"item\":\"https:\/\/formidableallure.com\/en\/\"},{\"@type\":\"ListItem\",\"position\":2,\"name\":\"Services\"}]},{\"@type\":\"WebSite\",\"@id\":\"https:\/\/formidableallure.com\/#website\",\"url\":\"https:\/\/formidableallure.com\/\",\"name\":\"Formidable Allure\",\"description\":\"\",\"publisher\":{\"@id\":\"https:\/\/formidableallure.com\/#organization\"},\"potentialAction\":[{\"@type\":\"SearchAction\",\"target\":{\"@type\":\"EntryPoint\",\"urlTemplate\":\"https:\/\/formidableallure.com\/?s={search_term_string}\"},\"query-input\":{\"@type\":\"PropertyValueSpecification\",\"valueRequired\":true,\"valueName\":\"search_term_string\"}}],\"inLanguage\":\"en-CA\"},{\"@type\":\"Organization\",\"@id\":\"https:\/\/formidableallure.com\/#organization\",\"name\":\"Formidable Allure\",\"url\":\"https:\/\/formidableallure.com\/\",\"logo\":{\"@type\":\"ImageObject\",\"inLanguage\":\"en-CA\",\"@id\":\"https:\/\/formidableallure.com\/#\/schema\/logo\/image\/\",\"url\":\"https:\/\/formidableallure.com\/wp-content\/uploads\/2020\/10\/Logo-2.png\",\"contentUrl\":\"https:\/\/formidableallure.com\/wp-content\/uploads\/2020\/10\/Logo-2.png\",\"width\":183,\"height\":100,\"caption\":\"Formidable Allure\"},\"image\":{\"@id\":\"https:\/\/formidableallure.com\/#\/schema\/logo\/image\/\"},\"sameAs\":[\"https:\/\/www.facebook.com\/FormidableAllure\/\",\"https:\/\/www.instagram.com\/formidableallure\/\"]}]}<\/script>\n<!-- \/ Yoast SEO plugin. -->","yoast_head_json":{"title":"Services &#187; Formidable Allure","description":"Transformez votre espace afin d\u2019y accueillir autant votre client\u00e8le, que votre famille ou vos amis dans une ambiance des plus agr\u00e9able.","robots":{"index":"noindex","follow":"nofollow"},"og_locale":"en_US","og_type":"article","og_title":"Services &#187; Formidable Allure","og_description":"Transformez votre espace afin d\u2019y accueillir autant votre client\u00e8le, que votre famille ou vos amis dans une ambiance des plus agr\u00e9able.","og_url":"https:\/\/formidableallure.com\/en\/services\/","og_site_name":"Formidable Allure","article_publisher":"https:\/\/www.facebook.com\/FormidableAllure\/","article_modified_time":"2025-09-19T14:19:22+00:00","og_image":[{"width":384,"height":384,"url":"https:\/\/formidableallure.com\/wp-content\/uploads\/2021\/11\/social.png","type":"image\/png"}],"twitter_card":"summary_large_image","twitter_misc":{"Est. reading time":"2 minutes"},"schema":{"@context":"https:\/\/schema.org","@graph":[{"@type":"WebPage","@id":"https:\/\/formidableallure.com\/en\/services\/","url":"https:\/\/formidableallure.com\/en\/services\/","name":"Services &#187; Formidable Allure","isPartOf":{"@id":"https:\/\/formidableallure.com\/#website"},"datePublished":"2022-08-15T18:10:35+00:00","dateModified":"2025-09-19T14:19:22+00:00","description":"Transformez votre espace afin d\u2019y accueillir autant votre client\u00e8le, que votre famille ou vos amis dans une ambiance des plus agr\u00e9able.","breadcrumb":{"@id":"https:\/\/formidableallure.com\/en\/services\/#breadcrumb"},"inLanguage":"en-CA","potentialAction":[{"@type":"ReadAction","target":["https:\/\/formidableallure.com\/en\/services\/"]}]},{"@type":"BreadcrumbList","@id":"https:\/\/formidableallure.com\/en\/services\/#breadcrumb","itemListElement":[{"@type":"ListItem","position":1,"name":"Accueil","item":"https:\/\/formidableallure.com\/en\/"},{"@type":"ListItem","position":2,"name":"Services"}]},{"@type":"WebSite","@id":"https:\/\/formidableallure.com\/#website","url":"https:\/\/formidableallure.com\/","name":"Formidable Allure","description":"","publisher":{"@id":"https:\/\/formidableallure.com\/#organization"},"potentialAction":[{"@type":"SearchAction","target":{"@type":"EntryPoint","urlTemplate":"https:\/\/formidableallure.com\/?s={search_term_string}"},"query-input":{"@type":"PropertyValueSpecification","valueRequired":true,"valueName":"search_term_string"}}],"inLanguage":"en-CA"},{"@type":"Organization","@id":"https:\/\/formidableallure.com\/#organization","name":"Formidable Allure","url":"https:\/\/formidableallure.com\/","logo":{"@type":"ImageObject","inLanguage":"en-CA","@id":"https:\/\/formidableallure.com\/#\/schema\/logo\/image\/","url":"https:\/\/formidableallure.com\/wp-content\/uploads\/2020\/10\/Logo-2.png","contentUrl":"https:\/\/formidableallure.com\/wp-content\/uploads\/2020\/10\/Logo-2.png","width":183,"height":100,"caption":"Formidable Allure"},"image":{"@id":"https:\/\/formidableallure.com\/#\/schema\/logo\/image\/"},"sameAs":["https:\/\/www.facebook.com\/FormidableAllure\/","https:\/\/www.instagram.com\/formidableallure\/"]}]}},"_links":{"self":[{"href":"https:\/\/formidableallure.com\/en\/wp-json\/wp\/v2\/pages\/1830","targetHints":{"allow":["GET"]}}],"collection":[{"href":"https:\/\/formidableallure.com\/en\/wp-json\/wp\/v2\/pages"}],"about":[{"href":"https:\/\/formidableallure.com\/en\/wp-json\/wp\/v2\/types\/page"}],"author":[{"embeddable":true,"href":"https:\/\/formidableallure.com\/en\/wp-json\/wp\/v2\/users\/1"}],"replies":[{"embeddable":true,"href":"https:\/\/formidableallure.com\/en\/wp-json\/wp\/v2\/comments?post=1830"}],"version-history":[{"count":6,"href":"https:\/\/formidableallure.com\/en\/wp-json\/wp\/v2\/pages\/1830\/revisions"}],"predecessor-version":[{"id":2451,"href":"https:\/\/formidableallure.com\/en\/wp-json\/wp\/v2\/pages\/1830\/revisions\/2451"}],"wp:attachment":[{"href":"https:\/\/formidableallure.com\/en\/wp-json\/wp\/v2\/media?parent=1830"}],"curies":[{"name":"wp","href":"https:\/\/api.w.org\/{rel}","templated":true}]}}