{"id":1801,"date":"2022-08-15T13:38:56","date_gmt":"2022-08-15T17:38:56","guid":{"rendered":"https:\/\/formidableallure.com\/?page_id=1801"},"modified":"2023-08-25T16:25:10","modified_gmt":"2023-08-25T20:25:10","slug":"contact","status":"publish","type":"page","link":"https:\/\/formidableallure.com\/en\/contact\/","title":{"rendered":"Contact"},"content":{"rendered":"<div class=\"wpb-content-wrapper\"><p>[vc_row type=&#8221;full_width&#8221;][vc_column][vc_empty_space height=&#8221;75px&#8221;][vc_single_image image=&#8221;3378&#8243; img_size=&#8221;1100&#215;800&#8243; alignment=&#8221;center&#8221;][\/vc_column][\/vc_row][vc_row type=&#8221;full_width&#8221;][vc_column][vc_empty_space height=&#8221;80px&#8221;][\/vc_column][\/vc_row][vc_row type=&#8221;full_width&#8221;][vc_column width=&#8221;1\/4&#8243;][\/vc_column][vc_column width=&#8221;1\/4&#8243; css=&#8221;.vc_custom_1692650029984{padding-right: 20px !important;}&#8221;][vc_column_text el_class=&#8221;contact_section_info&#8221; css=&#8221;.vc_custom_1692994815730{padding-left: 15px !important;}&#8221;]<\/p>\n<h4><strong>Transform your space<\/strong><br \/>\n<strong><span class=\"text-tan\">with our expertise<\/span><\/strong><\/h4>\n<p>Let&#8217;s design a space that reflects your essence.<br \/>\nFor home or business, contact us now for all your design and decor needs. We anticipate the opportunity to make your dream space a reality with our team !<\/p>\n<ul>\n<li class=\"list-icon-mail\"><a href=\"mailto:formidableallure@icloud.com\">formidableallure@icloud.com<\/a><\/li>\n<li class=\"list-icon-phone\"><a href=\"tel:6135521964\">613.552.1964<\/a><\/li>\n<li class=\"list-icon-message\"><a href=\"https:\/\/formidableallure.com\/contact\/#message\">Leave us a message<\/a><\/li>\n<\/ul>\n<p>[\/vc_column_text][\/vc_column][vc_column width=&#8221;1\/4&#8243; css=&#8221;.vc_custom_1692650042588{padding-left: 20px !important;}&#8221;][vc_single_image image=&#8221;3657&#8243; img_size=&#8221;full&#8221; alignment=&#8221;center&#8221;][\/vc_column][vc_column width=&#8221;1\/4&#8243;][\/vc_column][\/vc_row][vc_row type=&#8221;full_width&#8221;][vc_column][vc_empty_space height=&#8221;80px&#8221;][\/vc_column][\/vc_row][vc_row type=&#8221;in_grid&#8221; el_class=&#8221;bg-gris bloc-padding contact-form-row&#8221; el_id=&#8221;message&#8221; css=&#8221;.vc_custom_1692651072022{background-color: #fff4d8 !important;}&#8221;][vc_column width=&#8221;1\/4&#8243;][\/vc_column][vc_column width=&#8221;1\/2&#8243;]\t\t<div class=\"wpb_text_column wpb_content_element dist_title_element  \">\r\n\t\t\t<h3>Leave us <span class=\"text-tan\">a message<\/span><\/h3>\r\n\t\t<\/div>\r\n\t\t\n<div class=\"wpcf7 no-js\" id=\"wpcf7-f2413-o1\" lang=\"fr-CA\" dir=\"ltr\" data-wpcf7-id=\"2413\">\n<div class=\"screen-reader-response\"><p role=\"status\" aria-live=\"polite\" aria-atomic=\"true\"><\/p> <ul><\/ul><\/div>\n<form action=\"\/en\/wp-json\/wp\/v2\/pages\/1801#wpcf7-f2413-o1\" method=\"post\" class=\"wpcf7-form init\" aria-label=\"Contact form\" novalidate=\"novalidate\" data-status=\"init\">\n<fieldset class=\"hidden-fields-container\"><input type=\"hidden\" name=\"_wpcf7\" value=\"2413\" \/><input type=\"hidden\" name=\"_wpcf7_version\" value=\"6.1.5\" \/><input type=\"hidden\" name=\"_wpcf7_locale\" value=\"fr_CA\" \/><input type=\"hidden\" name=\"_wpcf7_unit_tag\" value=\"wpcf7-f2413-o1\" \/><input type=\"hidden\" name=\"_wpcf7_container_post\" value=\"0\" \/><input type=\"hidden\" name=\"_wpcf7_posted_data_hash\" value=\"\" \/><input type=\"hidden\" name=\"_wpcf7_recaptcha_response\" value=\"\" \/>\n<\/fieldset>\n<p><label><span class=\"wpcf7-form-control-wrap\" data-name=\"your-name\"><input size=\"40\" maxlength=\"400\" class=\"wpcf7-form-control wpcf7-text wpcf7-validates-as-required\" aria-required=\"true\" aria-invalid=\"false\" placeholder=\"Name\" value=\"\" type=\"text\" name=\"your-name\" \/><\/span><\/label>\n<\/p>\n<p><label><span class=\"wpcf7-form-control-wrap\" data-name=\"your-email\"><input size=\"40\" maxlength=\"400\" class=\"wpcf7-form-control wpcf7-email wpcf7-validates-as-required wpcf7-text wpcf7-validates-as-email\" aria-required=\"true\" aria-invalid=\"false\" placeholder=\"Email\" value=\"\" type=\"email\" name=\"your-email\" \/><\/span><\/label>\n<\/p>\n<p><label><span class=\"wpcf7-form-control-wrap\" data-name=\"your-subject\"><input size=\"40\" maxlength=\"400\" class=\"wpcf7-form-control wpcf7-text\" aria-invalid=\"false\" placeholder=\"Subject\" value=\"\" type=\"text\" name=\"your-subject\" \/><\/span><\/label>\n<\/p>\n<p><label><span class=\"wpcf7-form-control-wrap\" data-name=\"your-message\"><textarea cols=\"40\" rows=\"10\" maxlength=\"2000\" class=\"wpcf7-form-control wpcf7-textarea\" aria-invalid=\"false\" placeholder=\"Message\" name=\"your-message\"><\/textarea><\/span><\/label>\n<\/p>\n<p><button type=\"submit\">Send<\/button><span class=\"ajax-loader\"><\/span>\n<\/p><input type=\"hidden\" id=\"ct_checkjs_cf7_8613985ec49eb8f757ae6439e879bb2a\" name=\"ct_checkjs_cf7\" value=\"0\" \/><script >setTimeout(function(){var ct_input_name = \"ct_checkjs_cf7_8613985ec49eb8f757ae6439e879bb2a\";if (document.getElementById(ct_input_name) !== null) {var ct_input_value = document.getElementById(ct_input_name).value;document.getElementById(ct_input_name).value = document.getElementById(ct_input_name).value.replace(ct_input_value, '1311608042');}}, 1000);<\/script><input\n                    class=\"apbct_special_field apbct_email_id__wp_contact_form_7\"\n                    name=\"apbct__email_id__wp_contact_form_7\"\n                    aria-label=\"apbct__label_id__wp_contact_form_7\"\n                    type=\"text\" size=\"30\" maxlength=\"200\" autocomplete=\"off\"\n                    value=\"\"\n                \/><div class=\"wpcf7-response-output\" aria-hidden=\"true\"><\/div>\n<\/form>\n<\/div>\n[\/vc_column][vc_column width=&#8221;1\/4&#8243;][\/vc_column][\/vc_row]<\/p>\n<\/div>","protected":false},"excerpt":{"rendered":"<p>[vc_row type=&#8221;full_width&#8221;][vc_column][vc_empty_space height=&#8221;75px&#8221;][vc_single_image image=&#8221;3378&#8243; img_size=&#8221;1100&#215;800&#8243; alignment=&#8221;center&#8221;][\/vc_column][\/vc_row][vc_row type=&#8221;full_width&#8221;][vc_column][vc_empty_space height=&#8221;80px&#8221;][\/vc_column][\/vc_row][vc_row type=&#8221;full_width&#8221;][vc_column width=&#8221;1\/4&#8243;][\/vc_column][vc_column width=&#8221;1\/4&#8243; css=&#8221;.vc_custom_1692650029984{padding-right: 20px !important;}&#8221;][vc_column_text el_class=&#8221;contact_section_info&#8221; css=&#8221;.vc_custom_1692994815730{padding-left: 15px !important;}&#8221;] Transform your space with our expertise Let&#8217;s design a space that reflects your essence. For home or business, contact us now for all your design and decor needs. We anticipate the opportunity to make your dream space [&hellip;]<\/p>\n","protected":false},"author":1,"featured_media":0,"parent":0,"menu_order":0,"comment_status":"closed","ping_status":"closed","template":"","meta":{"_acf_changed":false,"inline_featured_image":false,"footnotes":""},"class_list":["post-1801","page","type-page","status-publish","hentry"],"acf":[],"yoast_head":"<!-- This site is optimized with the Yoast SEO plugin v27.2 - https:\/\/yoast.com\/product\/yoast-seo-wordpress\/ -->\n<title>Contact &#187; Formidable Allure<\/title>\n<meta name=\"description\" content=\"Communiquez avec nous d\u00e8s maintenant pour tous vos besoins en design et d\u00e9cor. Au plaisir de vous rencontrer bient\u00f4t. 613-552-1964\" \/>\n<meta name=\"robots\" content=\"index, follow, max-snippet:-1, max-image-preview:large, max-video-preview:-1\" \/>\n<link rel=\"canonical\" href=\"https:\/\/formidableallure.com\/en\/contact\/\" \/>\n<meta property=\"og:locale\" content=\"en_US\" \/>\n<meta property=\"og:type\" content=\"article\" \/>\n<meta property=\"og:title\" content=\"Contact &#187; Formidable Allure\" \/>\n<meta property=\"og:description\" content=\"Communiquez avec nous d\u00e8s maintenant pour tous vos besoins en design et d\u00e9cor. Au plaisir de vous rencontrer bient\u00f4t. 613-552-1964\" \/>\n<meta property=\"og:url\" content=\"https:\/\/formidableallure.com\/en\/contact\/\" \/>\n<meta property=\"og:site_name\" content=\"Formidable Allure\" \/>\n<meta property=\"article:publisher\" content=\"https:\/\/www.facebook.com\/FormidableAllure\/\" \/>\n<meta property=\"article:modified_time\" content=\"2023-08-25T20:25:10+00:00\" \/>\n<meta property=\"og:image\" content=\"https:\/\/formidableallure.com\/wp-content\/uploads\/2021\/11\/social.png\" \/>\n\t<meta property=\"og:image:width\" content=\"384\" \/>\n\t<meta property=\"og:image:height\" content=\"384\" \/>\n\t<meta property=\"og:image:type\" content=\"image\/png\" \/>\n<meta name=\"twitter:card\" content=\"summary_large_image\" \/>\n<meta name=\"twitter:label1\" content=\"Est. reading time\" \/>\n\t<meta name=\"twitter:data1\" content=\"1 minute\" \/>\n<script type=\"application\/ld+json\" class=\"yoast-schema-graph\">{\"@context\":\"https:\/\/schema.org\",\"@graph\":[{\"@type\":\"WebPage\",\"@id\":\"https:\/\/formidableallure.com\/en\/contact\/\",\"url\":\"https:\/\/formidableallure.com\/en\/contact\/\",\"name\":\"Contact &#187; Formidable Allure\",\"isPartOf\":{\"@id\":\"https:\/\/formidableallure.com\/#website\"},\"datePublished\":\"2022-08-15T17:38:56+00:00\",\"dateModified\":\"2023-08-25T20:25:10+00:00\",\"description\":\"Communiquez avec nous d\u00e8s maintenant pour tous vos besoins en design et d\u00e9cor. Au plaisir de vous rencontrer bient\u00f4t. 613-552-1964\",\"breadcrumb\":{\"@id\":\"https:\/\/formidableallure.com\/en\/contact\/#breadcrumb\"},\"inLanguage\":\"en-CA\",\"potentialAction\":[{\"@type\":\"ReadAction\",\"target\":[\"https:\/\/formidableallure.com\/en\/contact\/\"]}]},{\"@type\":\"BreadcrumbList\",\"@id\":\"https:\/\/formidableallure.com\/en\/contact\/#breadcrumb\",\"itemListElement\":[{\"@type\":\"ListItem\",\"position\":1,\"name\":\"Accueil\",\"item\":\"https:\/\/formidableallure.com\/en\/\"},{\"@type\":\"ListItem\",\"position\":2,\"name\":\"Contact\"}]},{\"@type\":\"WebSite\",\"@id\":\"https:\/\/formidableallure.com\/#website\",\"url\":\"https:\/\/formidableallure.com\/\",\"name\":\"Formidable Allure\",\"description\":\"\",\"publisher\":{\"@id\":\"https:\/\/formidableallure.com\/#organization\"},\"potentialAction\":[{\"@type\":\"SearchAction\",\"target\":{\"@type\":\"EntryPoint\",\"urlTemplate\":\"https:\/\/formidableallure.com\/?s={search_term_string}\"},\"query-input\":{\"@type\":\"PropertyValueSpecification\",\"valueRequired\":true,\"valueName\":\"search_term_string\"}}],\"inLanguage\":\"en-CA\"},{\"@type\":\"Organization\",\"@id\":\"https:\/\/formidableallure.com\/#organization\",\"name\":\"Formidable Allure\",\"url\":\"https:\/\/formidableallure.com\/\",\"logo\":{\"@type\":\"ImageObject\",\"inLanguage\":\"en-CA\",\"@id\":\"https:\/\/formidableallure.com\/#\/schema\/logo\/image\/\",\"url\":\"https:\/\/formidableallure.com\/wp-content\/uploads\/2020\/10\/Logo-2.png\",\"contentUrl\":\"https:\/\/formidableallure.com\/wp-content\/uploads\/2020\/10\/Logo-2.png\",\"width\":183,\"height\":100,\"caption\":\"Formidable Allure\"},\"image\":{\"@id\":\"https:\/\/formidableallure.com\/#\/schema\/logo\/image\/\"},\"sameAs\":[\"https:\/\/www.facebook.com\/FormidableAllure\/\",\"https:\/\/www.instagram.com\/formidableallure\/\"]}]}<\/script>\n<!-- \/ Yoast SEO plugin. -->","yoast_head_json":{"title":"Contact &#187; Formidable Allure","description":"Communiquez avec nous d\u00e8s maintenant pour tous vos besoins en design et d\u00e9cor. Au plaisir de vous rencontrer bient\u00f4t. 613-552-1964","robots":{"index":"index","follow":"follow","max-snippet":"max-snippet:-1","max-image-preview":"max-image-preview:large","max-video-preview":"max-video-preview:-1"},"canonical":"https:\/\/formidableallure.com\/en\/contact\/","og_locale":"en_US","og_type":"article","og_title":"Contact &#187; Formidable Allure","og_description":"Communiquez avec nous d\u00e8s maintenant pour tous vos besoins en design et d\u00e9cor. Au plaisir de vous rencontrer bient\u00f4t. 613-552-1964","og_url":"https:\/\/formidableallure.com\/en\/contact\/","og_site_name":"Formidable Allure","article_publisher":"https:\/\/www.facebook.com\/FormidableAllure\/","article_modified_time":"2023-08-25T20:25:10+00:00","og_image":[{"width":384,"height":384,"url":"https:\/\/formidableallure.com\/wp-content\/uploads\/2021\/11\/social.png","type":"image\/png"}],"twitter_card":"summary_large_image","twitter_misc":{"Est. reading time":"1 minute"},"schema":{"@context":"https:\/\/schema.org","@graph":[{"@type":"WebPage","@id":"https:\/\/formidableallure.com\/en\/contact\/","url":"https:\/\/formidableallure.com\/en\/contact\/","name":"Contact &#187; Formidable Allure","isPartOf":{"@id":"https:\/\/formidableallure.com\/#website"},"datePublished":"2022-08-15T17:38:56+00:00","dateModified":"2023-08-25T20:25:10+00:00","description":"Communiquez avec nous d\u00e8s maintenant pour tous vos besoins en design et d\u00e9cor. Au plaisir de vous rencontrer bient\u00f4t. 613-552-1964","breadcrumb":{"@id":"https:\/\/formidableallure.com\/en\/contact\/#breadcrumb"},"inLanguage":"en-CA","potentialAction":[{"@type":"ReadAction","target":["https:\/\/formidableallure.com\/en\/contact\/"]}]},{"@type":"BreadcrumbList","@id":"https:\/\/formidableallure.com\/en\/contact\/#breadcrumb","itemListElement":[{"@type":"ListItem","position":1,"name":"Accueil","item":"https:\/\/formidableallure.com\/en\/"},{"@type":"ListItem","position":2,"name":"Contact"}]},{"@type":"WebSite","@id":"https:\/\/formidableallure.com\/#website","url":"https:\/\/formidableallure.com\/","name":"Formidable Allure","description":"","publisher":{"@id":"https:\/\/formidableallure.com\/#organization"},"potentialAction":[{"@type":"SearchAction","target":{"@type":"EntryPoint","urlTemplate":"https:\/\/formidableallure.com\/?s={search_term_string}"},"query-input":{"@type":"PropertyValueSpecification","valueRequired":true,"valueName":"search_term_string"}}],"inLanguage":"en-CA"},{"@type":"Organization","@id":"https:\/\/formidableallure.com\/#organization","name":"Formidable Allure","url":"https:\/\/formidableallure.com\/","logo":{"@type":"ImageObject","inLanguage":"en-CA","@id":"https:\/\/formidableallure.com\/#\/schema\/logo\/image\/","url":"https:\/\/formidableallure.com\/wp-content\/uploads\/2020\/10\/Logo-2.png","contentUrl":"https:\/\/formidableallure.com\/wp-content\/uploads\/2020\/10\/Logo-2.png","width":183,"height":100,"caption":"Formidable Allure"},"image":{"@id":"https:\/\/formidableallure.com\/#\/schema\/logo\/image\/"},"sameAs":["https:\/\/www.facebook.com\/FormidableAllure\/","https:\/\/www.instagram.com\/formidableallure\/"]}]}},"_links":{"self":[{"href":"https:\/\/formidableallure.com\/en\/wp-json\/wp\/v2\/pages\/1801","targetHints":{"allow":["GET"]}}],"collection":[{"href":"https:\/\/formidableallure.com\/en\/wp-json\/wp\/v2\/pages"}],"about":[{"href":"https:\/\/formidableallure.com\/en\/wp-json\/wp\/v2\/types\/page"}],"author":[{"embeddable":true,"href":"https:\/\/formidableallure.com\/en\/wp-json\/wp\/v2\/users\/1"}],"replies":[{"embeddable":true,"href":"https:\/\/formidableallure.com\/en\/wp-json\/wp\/v2\/comments?post=1801"}],"version-history":[{"count":27,"href":"https:\/\/formidableallure.com\/en\/wp-json\/wp\/v2\/pages\/1801\/revisions"}],"predecessor-version":[{"id":3703,"href":"https:\/\/formidableallure.com\/en\/wp-json\/wp\/v2\/pages\/1801\/revisions\/3703"}],"wp:attachment":[{"href":"https:\/\/formidableallure.com\/en\/wp-json\/wp\/v2\/media?parent=1801"}],"curies":[{"name":"wp","href":"https:\/\/api.w.org\/{rel}","templated":true}]}}