{"id":1712,"date":"2020-10-19T15:39:25","date_gmt":"2020-10-19T19:39:25","guid":{"rendered":"https:\/\/formidableallure.com\/services\/decoration-interieure\/"},"modified":"2025-10-21T19:13:14","modified_gmt":"2025-10-21T23:13:14","slug":"interior-design","status":"publish","type":"page","link":"https:\/\/formidableallure.com\/en\/services\/interior-design\/","title":{"rendered":"Interior design"},"content":{"rendered":"<div class=\"wpb-content-wrapper\"><p>[vc_row equal_height=&#8221;yes&#8221; content_placement=&#8221;middle&#8221; type=&#8221;in_grid&#8221; el_class=&#8221;bloc-padding&#8221;][vc_column width=&#8221;1\/2&#8243; el_class=&#8221;deco_interior_image&#8221;][vc_single_image image=&#8221;2337&#8243; img_size=&#8221;full&#8221; alignment=&#8221;center&#8221;][\/vc_column][vc_column width=&#8221;1\/2&#8243; el_class=&#8221;deco_interior_text&#8221;][vc_column_text css=&#8221;&#8221;]Whether at work or at home, we offer a unique interior design <em><strong>service that reflects your image<\/strong><\/em>. Transform your space in order to welcome your family, your friends, or even your customers, in a most pleasant atmosphere while combining aestheticism and functionality. From the layout of your space to the choice of materials, everything is taken into consideration in order to create an environment that suits you.<\/p>\n<ul>\n<li>Project management<\/li>\n<li>Decoration and interior design<\/li>\n<li>Furniture (selection or custom)<\/li>\n<\/ul>\n<p>[\/vc_column_text][vc_column_text css=&#8221;&#8221;]We put our <em><strong>creativity at your service<\/strong><\/em>, imagining for you a warm and distinguished space. In order to have the right image in mind, we will first discuss your lifestyle, your needs and the style that appeals to you. Our approach is very much focused on <em><strong>listening to the client<\/strong><\/em> and communicating well throughout the project. In order to design inviting spaces for you or your visitors, we want to take the time to understand you so that we can then adequately meet your expectations.[\/vc_column_text][\/vc_column][\/vc_row][vc_row type=&#8221;in_grid&#8221; el_class=&#8221;deco_interior_gallery autre-services-row&#8221;][vc_column][vc_row_inner type=&#8221;full_width&#8221; el_class=&#8221;autre-services-inner-row&#8221;][vc_column_inner width=&#8221;1\/3&#8243;]\t<div class=\"dist-materiel\">\n\t\t<div class=\"dist-materiel-image\" style=\"background-image: url(https:\/\/formidableallure.com\/wp-content\/uploads\/2022\/05\/Formidable-Allure_par_Teixeira_photographie-15_RES.jpg);\">\n\t\t\t<p><\/p>\n\t\t<\/div>\n\t<\/div>\n\t[\/vc_column_inner][vc_column_inner width=&#8221;1\/3&#8243;]\t<div class=\"dist-materiel\">\n\t\t<div class=\"dist-materiel-image\" style=\"background-image: url(https:\/\/formidableallure.com\/wp-content\/uploads\/2020\/10\/StudioVersa-74.jpg);\">\n\t\t\t<p><\/p>\n\t\t<\/div>\n\t<\/div>\n\t[\/vc_column_inner][vc_column_inner width=&#8221;1\/3&#8243;]\t<div class=\"dist-materiel\">\n\t\t<div class=\"dist-materiel-image\" style=\"background-image: url(https:\/\/formidableallure.com\/wp-content\/uploads\/2020\/11\/deco3.jpg);\">\n\t\t\t<p><\/p>\n\t\t<\/div>\n\t<\/div>\n\t[\/vc_column_inner][\/vc_row_inner]<a href=\"\/en\/services\/\" target=\"_self\" class=\"dist-btn type4\">See our other services<\/a>[\/vc_column][\/vc_row]<\/p>\n<\/div>","protected":false},"excerpt":{"rendered":"<p>[vc_row equal_height=&#8221;yes&#8221; content_placement=&#8221;middle&#8221; type=&#8221;in_grid&#8221; el_class=&#8221;bloc-padding&#8221;][vc_column width=&#8221;1\/2&#8243; el_class=&#8221;deco_interior_image&#8221;][vc_single_image image=&#8221;2337&#8243; img_size=&#8221;full&#8221; alignment=&#8221;center&#8221;][\/vc_column][vc_column width=&#8221;1\/2&#8243; el_class=&#8221;deco_interior_text&#8221;][vc_column_text css=&#8221;&#8221;]Whether at work or at home, we offer a unique interior design service that reflects your image. Transform your space in order to welcome your family, your friends, or even your customers, in a most pleasant atmosphere while combining aestheticism and functionality. From [&hellip;]<\/p>\n","protected":false},"author":1,"featured_media":4176,"parent":1830,"menu_order":0,"comment_status":"closed","ping_status":"closed","template":"","meta":{"_acf_changed":false,"inline_featured_image":false,"footnotes":""},"class_list":["post-1712","page","type-page","status-publish","has-post-thumbnail","hentry"],"acf":[],"yoast_head":"<!-- This site is optimized with the Yoast SEO plugin v27.2 - https:\/\/yoast.com\/product\/yoast-seo-wordpress\/ -->\n<title>Interior design &#187; Formidable Allure<\/title>\n<meta name=\"description\" content=\"Nous mettons notre cr\u00e9ativit\u00e9 \u00e0 votre service, imaginant ainsi pour vous un espace chaleureux et distingu\u00e9.\" \/>\n<meta name=\"robots\" content=\"index, follow, max-snippet:-1, max-image-preview:large, max-video-preview:-1\" \/>\n<link rel=\"canonical\" href=\"https:\/\/formidableallure.com\/en\/services\/interior-design\/\" \/>\n<meta property=\"og:locale\" content=\"en_US\" \/>\n<meta property=\"og:type\" content=\"article\" \/>\n<meta property=\"og:title\" content=\"Interior design &#187; Formidable Allure\" \/>\n<meta property=\"og:description\" content=\"Nous mettons notre cr\u00e9ativit\u00e9 \u00e0 votre service, imaginant ainsi pour vous un espace chaleureux et distingu\u00e9.\" \/>\n<meta property=\"og:url\" content=\"https:\/\/formidableallure.com\/en\/services\/interior-design\/\" \/>\n<meta property=\"og:site_name\" content=\"Formidable Allure\" \/>\n<meta property=\"article:publisher\" content=\"https:\/\/www.facebook.com\/FormidableAllure\/\" \/>\n<meta property=\"article:modified_time\" content=\"2025-10-21T23:13:14+00:00\" \/>\n<meta property=\"og:image\" content=\"https:\/\/formidableallure.com\/wp-content\/uploads\/2025\/10\/FORMIDABLE_ALLURE_2025_FINAL.jpg\" \/>\n\t<meta property=\"og:image:width\" content=\"3600\" \/>\n\t<meta property=\"og:image:height\" content=\"3600\" \/>\n\t<meta property=\"og:image:type\" content=\"image\/jpeg\" \/>\n<meta name=\"twitter:card\" content=\"summary_large_image\" \/>\n<meta name=\"twitter:label1\" content=\"Est. reading time\" \/>\n\t<meta name=\"twitter:data1\" content=\"2 minutes\" \/>\n<script type=\"application\/ld+json\" class=\"yoast-schema-graph\">{\"@context\":\"https:\/\/schema.org\",\"@graph\":[{\"@type\":\"WebPage\",\"@id\":\"https:\/\/formidableallure.com\/en\/services\/interior-design\/\",\"url\":\"https:\/\/formidableallure.com\/en\/services\/interior-design\/\",\"name\":\"Interior design &#187; Formidable Allure\",\"isPartOf\":{\"@id\":\"https:\/\/formidableallure.com\/#website\"},\"primaryImageOfPage\":{\"@id\":\"https:\/\/formidableallure.com\/en\/services\/interior-design\/#primaryimage\"},\"image\":{\"@id\":\"https:\/\/formidableallure.com\/en\/services\/interior-design\/#primaryimage\"},\"thumbnailUrl\":\"https:\/\/formidableallure.com\/wp-content\/uploads\/2025\/10\/FORMIDABLE_ALLURE_2025_FINAL.jpg\",\"datePublished\":\"2020-10-19T19:39:25+00:00\",\"dateModified\":\"2025-10-21T23:13:14+00:00\",\"description\":\"Nous mettons notre cr\u00e9ativit\u00e9 \u00e0 votre service, imaginant ainsi pour vous un espace chaleureux et distingu\u00e9.\",\"breadcrumb\":{\"@id\":\"https:\/\/formidableallure.com\/en\/services\/interior-design\/#breadcrumb\"},\"inLanguage\":\"en-CA\",\"potentialAction\":[{\"@type\":\"ReadAction\",\"target\":[\"https:\/\/formidableallure.com\/en\/services\/interior-design\/\"]}]},{\"@type\":\"ImageObject\",\"inLanguage\":\"en-CA\",\"@id\":\"https:\/\/formidableallure.com\/en\/services\/interior-design\/#primaryimage\",\"url\":\"https:\/\/formidableallure.com\/wp-content\/uploads\/2025\/10\/FORMIDABLE_ALLURE_2025_FINAL.jpg\",\"contentUrl\":\"https:\/\/formidableallure.com\/wp-content\/uploads\/2025\/10\/FORMIDABLE_ALLURE_2025_FINAL.jpg\",\"width\":3600,\"height\":3600},{\"@type\":\"BreadcrumbList\",\"@id\":\"https:\/\/formidableallure.com\/en\/services\/interior-design\/#breadcrumb\",\"itemListElement\":[{\"@type\":\"ListItem\",\"position\":1,\"name\":\"Accueil\",\"item\":\"https:\/\/formidableallure.com\/en\/\"},{\"@type\":\"ListItem\",\"position\":2,\"name\":\"Services\",\"item\":\"https:\/\/formidableallure.com\/en\/services\/\"},{\"@type\":\"ListItem\",\"position\":3,\"name\":\"Interior design\"}]},{\"@type\":\"WebSite\",\"@id\":\"https:\/\/formidableallure.com\/#website\",\"url\":\"https:\/\/formidableallure.com\/\",\"name\":\"Formidable Allure\",\"description\":\"\",\"publisher\":{\"@id\":\"https:\/\/formidableallure.com\/#organization\"},\"potentialAction\":[{\"@type\":\"SearchAction\",\"target\":{\"@type\":\"EntryPoint\",\"urlTemplate\":\"https:\/\/formidableallure.com\/?s={search_term_string}\"},\"query-input\":{\"@type\":\"PropertyValueSpecification\",\"valueRequired\":true,\"valueName\":\"search_term_string\"}}],\"inLanguage\":\"en-CA\"},{\"@type\":\"Organization\",\"@id\":\"https:\/\/formidableallure.com\/#organization\",\"name\":\"Formidable Allure\",\"url\":\"https:\/\/formidableallure.com\/\",\"logo\":{\"@type\":\"ImageObject\",\"inLanguage\":\"en-CA\",\"@id\":\"https:\/\/formidableallure.com\/#\/schema\/logo\/image\/\",\"url\":\"https:\/\/formidableallure.com\/wp-content\/uploads\/2020\/10\/Logo-2.png\",\"contentUrl\":\"https:\/\/formidableallure.com\/wp-content\/uploads\/2020\/10\/Logo-2.png\",\"width\":183,\"height\":100,\"caption\":\"Formidable Allure\"},\"image\":{\"@id\":\"https:\/\/formidableallure.com\/#\/schema\/logo\/image\/\"},\"sameAs\":[\"https:\/\/www.facebook.com\/FormidableAllure\/\",\"https:\/\/www.instagram.com\/formidableallure\/\"]}]}<\/script>\n<!-- \/ Yoast SEO plugin. -->","yoast_head_json":{"title":"Interior design &#187; Formidable Allure","description":"Nous mettons notre cr\u00e9ativit\u00e9 \u00e0 votre service, imaginant ainsi pour vous un espace chaleureux et distingu\u00e9.","robots":{"index":"index","follow":"follow","max-snippet":"max-snippet:-1","max-image-preview":"max-image-preview:large","max-video-preview":"max-video-preview:-1"},"canonical":"https:\/\/formidableallure.com\/en\/services\/interior-design\/","og_locale":"en_US","og_type":"article","og_title":"Interior design &#187; Formidable Allure","og_description":"Nous mettons notre cr\u00e9ativit\u00e9 \u00e0 votre service, imaginant ainsi pour vous un espace chaleureux et distingu\u00e9.","og_url":"https:\/\/formidableallure.com\/en\/services\/interior-design\/","og_site_name":"Formidable Allure","article_publisher":"https:\/\/www.facebook.com\/FormidableAllure\/","article_modified_time":"2025-10-21T23:13:14+00:00","og_image":[{"width":3600,"height":3600,"url":"https:\/\/formidableallure.com\/wp-content\/uploads\/2025\/10\/FORMIDABLE_ALLURE_2025_FINAL.jpg","type":"image\/jpeg"}],"twitter_card":"summary_large_image","twitter_misc":{"Est. reading time":"2 minutes"},"schema":{"@context":"https:\/\/schema.org","@graph":[{"@type":"WebPage","@id":"https:\/\/formidableallure.com\/en\/services\/interior-design\/","url":"https:\/\/formidableallure.com\/en\/services\/interior-design\/","name":"Interior design &#187; Formidable Allure","isPartOf":{"@id":"https:\/\/formidableallure.com\/#website"},"primaryImageOfPage":{"@id":"https:\/\/formidableallure.com\/en\/services\/interior-design\/#primaryimage"},"image":{"@id":"https:\/\/formidableallure.com\/en\/services\/interior-design\/#primaryimage"},"thumbnailUrl":"https:\/\/formidableallure.com\/wp-content\/uploads\/2025\/10\/FORMIDABLE_ALLURE_2025_FINAL.jpg","datePublished":"2020-10-19T19:39:25+00:00","dateModified":"2025-10-21T23:13:14+00:00","description":"Nous mettons notre cr\u00e9ativit\u00e9 \u00e0 votre service, imaginant ainsi pour vous un espace chaleureux et distingu\u00e9.","breadcrumb":{"@id":"https:\/\/formidableallure.com\/en\/services\/interior-design\/#breadcrumb"},"inLanguage":"en-CA","potentialAction":[{"@type":"ReadAction","target":["https:\/\/formidableallure.com\/en\/services\/interior-design\/"]}]},{"@type":"ImageObject","inLanguage":"en-CA","@id":"https:\/\/formidableallure.com\/en\/services\/interior-design\/#primaryimage","url":"https:\/\/formidableallure.com\/wp-content\/uploads\/2025\/10\/FORMIDABLE_ALLURE_2025_FINAL.jpg","contentUrl":"https:\/\/formidableallure.com\/wp-content\/uploads\/2025\/10\/FORMIDABLE_ALLURE_2025_FINAL.jpg","width":3600,"height":3600},{"@type":"BreadcrumbList","@id":"https:\/\/formidableallure.com\/en\/services\/interior-design\/#breadcrumb","itemListElement":[{"@type":"ListItem","position":1,"name":"Accueil","item":"https:\/\/formidableallure.com\/en\/"},{"@type":"ListItem","position":2,"name":"Services","item":"https:\/\/formidableallure.com\/en\/services\/"},{"@type":"ListItem","position":3,"name":"Interior design"}]},{"@type":"WebSite","@id":"https:\/\/formidableallure.com\/#website","url":"https:\/\/formidableallure.com\/","name":"Formidable Allure","description":"","publisher":{"@id":"https:\/\/formidableallure.com\/#organization"},"potentialAction":[{"@type":"SearchAction","target":{"@type":"EntryPoint","urlTemplate":"https:\/\/formidableallure.com\/?s={search_term_string}"},"query-input":{"@type":"PropertyValueSpecification","valueRequired":true,"valueName":"search_term_string"}}],"inLanguage":"en-CA"},{"@type":"Organization","@id":"https:\/\/formidableallure.com\/#organization","name":"Formidable Allure","url":"https:\/\/formidableallure.com\/","logo":{"@type":"ImageObject","inLanguage":"en-CA","@id":"https:\/\/formidableallure.com\/#\/schema\/logo\/image\/","url":"https:\/\/formidableallure.com\/wp-content\/uploads\/2020\/10\/Logo-2.png","contentUrl":"https:\/\/formidableallure.com\/wp-content\/uploads\/2020\/10\/Logo-2.png","width":183,"height":100,"caption":"Formidable Allure"},"image":{"@id":"https:\/\/formidableallure.com\/#\/schema\/logo\/image\/"},"sameAs":["https:\/\/www.facebook.com\/FormidableAllure\/","https:\/\/www.instagram.com\/formidableallure\/"]}]}},"_links":{"self":[{"href":"https:\/\/formidableallure.com\/en\/wp-json\/wp\/v2\/pages\/1712","targetHints":{"allow":["GET"]}}],"collection":[{"href":"https:\/\/formidableallure.com\/en\/wp-json\/wp\/v2\/pages"}],"about":[{"href":"https:\/\/formidableallure.com\/en\/wp-json\/wp\/v2\/types\/page"}],"author":[{"embeddable":true,"href":"https:\/\/formidableallure.com\/en\/wp-json\/wp\/v2\/users\/1"}],"replies":[{"embeddable":true,"href":"https:\/\/formidableallure.com\/en\/wp-json\/wp\/v2\/comments?post=1712"}],"version-history":[{"count":11,"href":"https:\/\/formidableallure.com\/en\/wp-json\/wp\/v2\/pages\/1712\/revisions"}],"predecessor-version":[{"id":4063,"href":"https:\/\/formidableallure.com\/en\/wp-json\/wp\/v2\/pages\/1712\/revisions\/4063"}],"up":[{"embeddable":true,"href":"https:\/\/formidableallure.com\/en\/wp-json\/wp\/v2\/pages\/1830"}],"wp:featuredmedia":[{"embeddable":true,"href":"https:\/\/formidableallure.com\/en\/wp-json\/wp\/v2\/media\/4176"}],"wp:attachment":[{"href":"https:\/\/formidableallure.com\/en\/wp-json\/wp\/v2\/media?parent=1712"}],"curies":[{"name":"wp","href":"https:\/\/api.w.org\/{rel}","templated":true}]}}